{"id":144,"date":"2015-06-20T14:43:31","date_gmt":"2015-06-20T13:43:31","guid":{"rendered":"http:\/\/www.hotelprokocky.net\/wrp\/?page_id=144"},"modified":"2021-05-05T21:34:45","modified_gmt":"2021-05-05T20:34:45","slug":"podminky-pro-ubytovani","status":"publish","type":"page","link":"https:\/\/www.hotelprokocky.net\/wrp\/?page_id=144","title":{"rendered":"Podm\u00ednky ubytov\u00e1n\u00ed"},"content":{"rendered":"<h2 style=\"text-align: left;\" align=\"CENTER\"><span style=\"color: #008000;\"><strong><span lang=\"cs-CZ\">PODM\u00cdNKY (p2_2017) PLATN\u00c9 OD 3.12.2017 pro pobyt v Hotelu pro ko\u010dky Kozmice &#8220; Hotel PAULA **** &#8220;&nbsp;<\/span><\/strong><\/span>(d\u00e1le jen Provozovatel)<\/h2>\n<ol>\n<li>\n<p lang=\"cs-CZ\" align=\"JUSTIFY\">Ko\u010dky mus\u00ed b\u00fdt v dobr\u00e9m zdravotn\u00edm stavu.<\/p>\n<\/li>\n<\/ol>\n<ol start=\"2\">\n<li>\n<p align=\"JUSTIFY\">Pro ubytov\u00e1n\u00ed ko\u010dky, kter\u00e1 v obdob\u00ed \u0161esti m\u011bs\u00edc\u016f p\u0159ed po\u010d\u00e1tkem ubytov\u00e1n\u00ed absolvovala l\u00e9ka\u0159sk\u00fd z\u00e1krok nebo byla l\u00e9\u010dena \u010di sledov\u00e1na veterin\u00e1rn\u00edm l\u00e9ka\u0159em je po\u017eadov\u00e1no potvrzen\u00ed veterin\u00e1rn\u00edho l\u00e9ka\u0159e, \u017ee je k pobytu v hotelu zdravotn\u011b zp\u016fsobil\u00e1.<\/p>\n<\/li>\n<\/ol>\n<ol start=\"3\">\n<li>\n<p lang=\"cs-CZ\" align=\"JUSTIFY\">Ko\u010dky mus\u00ed b\u00fdt od\u010derven\u00e9 a m\u00edt z preventivn\u00edch d\u016fvod\u016f aktivn\u00ed ochranu proti vn\u011bj\u0161\u00edm parazit\u016fm (kl\u00ed\u0161\u0165at\u016fm a blech\u00e1m).<\/p>\n<\/li>\n<li>Ko\u010dky mus\u00ed m\u00edt platn\u00e9 o\u010dkov\u00e1n\u00ed, minim\u00e1ln\u011b trojkombinaci: proti panleukopenii (ko\u010di\u010d\u00ed mor), ko\u010di\u010d\u00edmu herpesviru a kaliciviru (komplex ko\u010di\u010d\u00ed r\u00fdmy). Toto o\u010dkov\u00e1n\u00ed mus\u00ed b\u00fdt provedeno nejm\u00e9n\u011b 21 dn\u016f p\u0159ed n\u00e1stupem na ubytov\u00e1n\u00ed. Platnost o\u010dkov\u00e1n\u00ed mus\u00ed b\u00fdt vyzna\u010dena veterin\u00e1rn\u00edm l\u00e9ka\u0159em, kter\u00fd o\u010dkov\u00e1n\u00ed prov\u00e1d\u011bl, v pasu nebo o\u010dkovac\u00edm pr\u016fkazu.U ko\u010dek s p\u0159\u00edstupem do p\u0159\u00edrody vy\u017eadujeme rovn\u011b\u017e platn\u00e9 o\u010dkov\u00e1n\u00ed proti vzteklin\u011b.<\/li>\n<li>\n<p lang=\"cs-CZ\" align=\"JUSTIFY\">Majitel je povinen p\u0159edat na dobu ubytov\u00e1n\u00ed ko\u010dek jejich o\u010dkovac\u00ed pr\u016fkaz nebo pas.<\/p>\n<\/li>\n<\/ol>\n<ol start=\"6\">\n<li>\n<p align=\"JUSTIFY\">Nekastrovan\u00fd kocour star\u0161\u00ed osmi m\u011bs\u00edc\u016f m\u016f\u017ee b\u00fdt ubytov\u00e1n jen na z\u00e1klad\u011b individu\u00e1ln\u00ed dohody.<\/p>\n<\/li>\n<\/ol>\n<ol start=\"7\">\n<li>\n<p lang=\"cs-CZ\" align=\"JUSTIFY\">Ubytov\u00e1n\u00ed je mo\u017en\u00e9 pouze na z\u00e1klad\u011b oboustrann\u011b podepsan\u00e9 \u201eDohody o pobytu v hotelu pro ko\u010dky\u201c. V p\u0159\u00edpad\u011b, \u017ee ko\u010di\u010dka p\u0159i n\u00e1stupu na ubytov\u00e1n\u00ed nebude spl\u0148ovat v\u0161echny n\u00e1le\u017eitosti nebo vzniknou jak\u00e9koli pochybnosti o jej\u00ed zp\u016fsobilosti k pobytu, vyhrazujeme si pr\u00e1vo po\u017eadovat veterin\u00e1rn\u00ed posudek, \u017ee ko\u010di\u010dka je pro pobyt v hotelu zp\u016fsobil\u00e1 nebo pr\u00e1vo rezervaci pro pobyt v hotelu zru\u0161it.<\/p>\n<\/li>\n<\/ol>\n<p lang=\"cs-CZ\" align=\"JUSTIFY\"><b>3.12.2017 Ad\u00e9la Nov\u00e1kov\u00e1<\/b><\/p>\n<p>tel. +420 603 324 404, e-mail ad_novakova@centrum.cz<\/p>\n<p><strong>Hotel Paula Kozmice<\/strong>,&nbsp;ul. Hlavn\u00ed 57\/16,&nbsp;Kozmice u Hlu\u010d\u00edna,&nbsp;<strong>GPS: 49.912744, 18.156873<\/strong><\/p>\n","protected":false},"excerpt":{"rendered":"<p>PODM\u00cdNKY (p2_2017) PLATN\u00c9 OD 3.12.2017 pro pobyt v Hotelu pro ko\u010dky Kozmice &#8220; Hotel PAULA **** &#8220;&nbsp;(d\u00e1le jen Provozovatel) Ko\u010dky mus\u00ed b\u00fdt v dobr\u00e9m zdravotn\u00edm stavu. Pro ubytov\u00e1n\u00ed ko\u010dky, kter\u00e1 v obdob\u00ed \u0161esti m\u011bs\u00edc\u016f p\u0159ed po\u010d\u00e1tkem ubytov\u00e1n\u00ed absolvovala l\u00e9ka\u0159sk\u00fd z\u00e1krok nebo byla l\u00e9\u010dena \u010di sledov\u00e1na veterin\u00e1rn\u00edm l\u00e9ka\u0159em je po\u017eadov\u00e1no potvrzen\u00ed\u2026 <a class=\"continue-reading-link\" href=\"https:\/\/www.hotelprokocky.net\/wrp\/?page_id=144\">Continue reading<\/a><\/p>\n","protected":false},"author":1,"featured_media":0,"parent":0,"menu_order":0,"comment_status":"closed","ping_status":"closed","template":"","meta":{"footnotes":""},"class_list":["post-144","page","type-page","status-publish","hentry"],"_links":{"self":[{"href":"https:\/\/www.hotelprokocky.net\/wrp\/index.php?rest_route=\/wp\/v2\/pages\/144","targetHints":{"allow":["GET"]}}],"collection":[{"href":"https:\/\/www.hotelprokocky.net\/wrp\/index.php?rest_route=\/wp\/v2\/pages"}],"about":[{"href":"https:\/\/www.hotelprokocky.net\/wrp\/index.php?rest_route=\/wp\/v2\/types\/page"}],"author":[{"embeddable":true,"href":"https:\/\/www.hotelprokocky.net\/wrp\/index.php?rest_route=\/wp\/v2\/users\/1"}],"replies":[{"embeddable":true,"href":"https:\/\/www.hotelprokocky.net\/wrp\/index.php?rest_route=%2Fwp%2Fv2%2Fcomments&post=144"}],"version-history":[{"count":8,"href":"https:\/\/www.hotelprokocky.net\/wrp\/index.php?rest_route=\/wp\/v2\/pages\/144\/revisions"}],"predecessor-version":[{"id":714,"href":"https:\/\/www.hotelprokocky.net\/wrp\/index.php?rest_route=\/wp\/v2\/pages\/144\/revisions\/714"}],"wp:attachment":[{"href":"https:\/\/www.hotelprokocky.net\/wrp\/index.php?rest_route=%2Fwp%2Fv2%2Fmedia&parent=144"}],"curies":[{"name":"wp","href":"https:\/\/api.w.org\/{rel}","templated":true}]}}