{"id":16,"date":"2015-05-09T21:49:29","date_gmt":"2015-05-09T20:49:29","guid":{"rendered":"http:\/\/www.hotelprokocky.net\/wrp\/?page_id=16"},"modified":"2021-05-05T21:41:45","modified_gmt":"2021-05-05T20:41:45","slug":"co_nabizime","status":"publish","type":"page","link":"https:\/\/www.hotelprokocky.net\/wrp\/","title":{"rendered":"Hotel Paula"},"content":{"rendered":"<p><a href=\"https:\/\/www.hotelprokocky.net\/wrp\/wp-content\/uploads\/2015\/05\/paula_profi-res-1120-V2c.jpg\"><img loading=\"lazy\" decoding=\"async\" class=\"alignnone size-full wp-image-436\" src=\"https:\/\/www.hotelprokocky.net\/wrp\/wp-content\/uploads\/2015\/05\/paula_profi-res-1120-V2c.jpg\" alt=\"paula_profi res 1120 V2c\" width=\"1120\" height=\"596\" srcset=\"https:\/\/www.hotelprokocky.net\/wrp\/wp-content\/uploads\/2015\/05\/paula_profi-res-1120-V2c.jpg 1120w, https:\/\/www.hotelprokocky.net\/wrp\/wp-content\/uploads\/2015\/05\/paula_profi-res-1120-V2c-300x160.jpg 300w, https:\/\/www.hotelprokocky.net\/wrp\/wp-content\/uploads\/2015\/05\/paula_profi-res-1120-V2c-1024x545.jpg 1024w, https:\/\/www.hotelprokocky.net\/wrp\/wp-content\/uploads\/2015\/05\/paula_profi-res-1120-V2c-250x133.jpg 250w, https:\/\/www.hotelprokocky.net\/wrp\/wp-content\/uploads\/2015\/05\/paula_profi-res-1120-V2c-150x80.jpg 150w\" sizes=\"auto, (max-width: 1120px) 100vw, 1120px\" \/><\/a><\/p>\n<h4><strong><span style=\"color: #008000;\">KLIMATIZOVAN\u00dd HOTEL PRO KO\u010cKY PAULA NAB\u00cdZ\u00cd&nbsp;PROSTORN\u00c9 <a href=\"https:\/\/www.hotelprokocky.net\/wrp\/?page_id=26\">POKOJE<\/a> A CELORO\u010cN\u00cd PROVOZ.<\/span><\/strong><\/h4>\n<h4><span style=\"color: #008000;\">M\u00c1ME &nbsp;DLOUHOLET\u00c9 ZKU\u0160ENOSTI S KO\u010cKAMI, \u017dIJEME SE \u010cTY\u0158MI <a href=\"http:\/\/www.bluefortune.cz\" target=\"_blank\" rel=\"noopener noreferrer\">KARTOUZSK\u00ddMI<\/a>.&nbsp;<\/span><\/h4>\n<h4><span style=\"color: #008000;\">O VA\u0160I KO\u010cI\u010cKU BUDE DOB\u0158E <a href=\"https:\/\/www.hotelprokocky.net\/wrp\/?page_id=137\">POSTAR\u00c1NO.<\/a><\/span><\/h4>\n<h4><span style=\"color: #333333;\"><strong>HOTEL PRO KO\u010cKY PAULA ZAJIST\u00cd:<\/strong><\/span><\/h4>\n<h4><span style=\"color: #333333;\">UBYTOV\u00c1N\u00cd:&nbsp; &nbsp; &nbsp; &nbsp; &nbsp; &nbsp; &nbsp; &nbsp; &nbsp; &nbsp; &nbsp; &nbsp; &nbsp; &nbsp; &nbsp; &nbsp; &nbsp; &nbsp; &nbsp; P\u00c9\u010cI:&nbsp; &nbsp; &nbsp; &nbsp; &nbsp; &nbsp; &nbsp; &nbsp; &nbsp; &nbsp; &nbsp; &nbsp; &nbsp; &nbsp; &nbsp; &nbsp; &nbsp; &nbsp; &nbsp; &nbsp; &nbsp; &nbsp; &nbsp; &nbsp; &nbsp; &nbsp;HRY:<\/span><\/h4>\n\n\t\t<style type=\"text\/css\">\n\t\t\t#gallery-1 {\n\t\t\t\tmargin: auto;\n\t\t\t}\n\t\t\t#gallery-1 .gallery-item {\n\t\t\t\tfloat: left;\n\t\t\t\tmargin-top: 10px;\n\t\t\t\ttext-align: center;\n\t\t\t\twidth: 33%;\n\t\t\t}\n\t\t\t#gallery-1 img {\n\t\t\t\tborder: 2px solid #cfcfcf;\n\t\t\t}\n\t\t\t#gallery-1 .gallery-caption {\n\t\t\t\tmargin-left: 0;\n\t\t\t}\n\t\t\t\/* see gallery_shortcode() in wp-includes\/media.php *\/\n\t\t<\/style>\n\t\t<div id='gallery-1' class='gallery galleryid-16 gallery-columns-3 gallery-size-full'><dl class='gallery-item'>\n\t\t\t<dt class='gallery-icon landscape'>\n\t\t\t\t<img loading=\"lazy\" decoding=\"async\" width=\"309\" height=\"206\" src=\"https:\/\/www.hotelprokocky.net\/wrp\/wp-content\/uploads\/2015\/05\/ubytovani-hotel-pro-kocky-paula-kozmice-v2-res.jpg\" class=\"attachment-full size-full\" alt=\"\" aria-describedby=\"gallery-1-449\" srcset=\"https:\/\/www.hotelprokocky.net\/wrp\/wp-content\/uploads\/2015\/05\/ubytovani-hotel-pro-kocky-paula-kozmice-v2-res.jpg 309w, https:\/\/www.hotelprokocky.net\/wrp\/wp-content\/uploads\/2015\/05\/ubytovani-hotel-pro-kocky-paula-kozmice-v2-res-300x200.jpg 300w, https:\/\/www.hotelprokocky.net\/wrp\/wp-content\/uploads\/2015\/05\/ubytovani-hotel-pro-kocky-paula-kozmice-v2-res-225x150.jpg 225w, https:\/\/www.hotelprokocky.net\/wrp\/wp-content\/uploads\/2015\/05\/ubytovani-hotel-pro-kocky-paula-kozmice-v2-res-150x100.jpg 150w\" sizes=\"auto, (max-width: 309px) 100vw, 309px\" \/>\n\t\t\t<\/dt>\n\t\t\t\t<dd class='wp-caption-text gallery-caption' id='gallery-1-449'>\n\t\t\t\tZajist\u00edme pro Va\u0161i ko\u010dku bezpe\u010dn\u00e9 a p\u0159\u00edjemn\u00e9 ubytov\u00e1n\u00ed v klimatizovan\u00e9m prost\u0159ed\u00ed.\n\t\t\t\t<\/dd><\/dl><dl class='gallery-item'>\n\t\t\t<dt class='gallery-icon landscape'>\n\t\t\t\t<img loading=\"lazy\" decoding=\"async\" width=\"309\" height=\"206\" src=\"https:\/\/www.hotelprokocky.net\/wrp\/wp-content\/uploads\/2016\/01\/pece-hotel-pro-kocky-paula-kozmice-res.jpg\" class=\"attachment-full size-full\" alt=\"\" aria-describedby=\"gallery-1-363\" srcset=\"https:\/\/www.hotelprokocky.net\/wrp\/wp-content\/uploads\/2016\/01\/pece-hotel-pro-kocky-paula-kozmice-res.jpg 309w, https:\/\/www.hotelprokocky.net\/wrp\/wp-content\/uploads\/2016\/01\/pece-hotel-pro-kocky-paula-kozmice-res-300x200.jpg 300w, https:\/\/www.hotelprokocky.net\/wrp\/wp-content\/uploads\/2016\/01\/pece-hotel-pro-kocky-paula-kozmice-res-225x150.jpg 225w, https:\/\/www.hotelprokocky.net\/wrp\/wp-content\/uploads\/2016\/01\/pece-hotel-pro-kocky-paula-kozmice-res-150x100.jpg 150w\" sizes=\"auto, (max-width: 309px) 100vw, 309px\" \/>\n\t\t\t<\/dt>\n\t\t\t\t<dd class='wp-caption-text gallery-caption' id='gallery-1-363'>\n\t\t\t\tPoskytneme Va\u0161\u00ed ko\u010di\u010dce profesion\u00e1ln\u00ed p\u00e9\u010di.\n\t\t\t\t<\/dd><\/dl><dl class='gallery-item'>\n\t\t\t<dt class='gallery-icon landscape'>\n\t\t\t\t<img loading=\"lazy\" decoding=\"async\" width=\"309\" height=\"206\" src=\"https:\/\/www.hotelprokocky.net\/wrp\/wp-content\/uploads\/2016\/01\/hry-pece-hotel-pro-kocky-paula-kozmice-res.jpg\" class=\"attachment-full size-full\" alt=\"\" aria-describedby=\"gallery-1-366\" srcset=\"https:\/\/www.hotelprokocky.net\/wrp\/wp-content\/uploads\/2016\/01\/hry-pece-hotel-pro-kocky-paula-kozmice-res.jpg 309w, https:\/\/www.hotelprokocky.net\/wrp\/wp-content\/uploads\/2016\/01\/hry-pece-hotel-pro-kocky-paula-kozmice-res-300x200.jpg 300w, https:\/\/www.hotelprokocky.net\/wrp\/wp-content\/uploads\/2016\/01\/hry-pece-hotel-pro-kocky-paula-kozmice-res-225x150.jpg 225w, https:\/\/www.hotelprokocky.net\/wrp\/wp-content\/uploads\/2016\/01\/hry-pece-hotel-pro-kocky-paula-kozmice-res-150x100.jpg 150w\" sizes=\"auto, (max-width: 309px) 100vw, 309px\" \/>\n\t\t\t<\/dt>\n\t\t\t\t<dd class='wp-caption-text gallery-caption' id='gallery-1-366'>\n\t\t\t\tBudeme si s Va\u0161\u00ed ko\u010di\u010dkou hr\u00e1t. Je\u0161t\u011b v\u00edce aktivit mohou ko\u010dky pro\u017e\u00edt v r\u00e1mci roz\u0161\u00ed\u0159en\u00e9 p\u00e9\u010de PLUS.\n\t\t\t\t<\/dd><\/dl><br style=\"clear: both\" \/>\n\t\t<\/div>\n\n<h4><strong>CO ZNAMENAJ\u00cd 4 HV\u011aZDI\u010cKY V LOGU HOTELU ?<\/strong><\/h4>\n<h4>NADSTANDARDN\u00cd POKOJE &#8211; PROFESION\u00c1LN\u00cd P\u00c9\u010cE &#8211; VELK\u00c1 \u0160KRABADLA &#8211; KLIMATIZACE<\/h4>\n","protected":false},"excerpt":{"rendered":"<p>KLIMATIZOVAN\u00dd HOTEL PRO KO\u010cKY PAULA NAB\u00cdZ\u00cd&nbsp;PROSTORN\u00c9 POKOJE A CELORO\u010cN\u00cd PROVOZ. M\u00c1ME &nbsp;DLOUHOLET\u00c9 ZKU\u0160ENOSTI S KO\u010cKAMI, \u017dIJEME SE \u010cTY\u0158MI KARTOUZSK\u00ddMI.&nbsp; O VA\u0160I KO\u010cI\u010cKU BUDE DOB\u0158E POSTAR\u00c1NO. HOTEL PRO KO\u010cKY PAULA ZAJIST\u00cd: UBYTOV\u00c1N\u00cd:&nbsp; &nbsp; &nbsp; &nbsp; &nbsp; &nbsp; &nbsp; &nbsp; &nbsp; &nbsp; &nbsp; &nbsp; &nbsp; &nbsp; &nbsp; &nbsp; &nbsp; &nbsp; &nbsp; P\u00c9\u010cI:&nbsp;\u2026 <a class=\"continue-reading-link\" href=\"https:\/\/www.hotelprokocky.net\/wrp\/\">Continue reading<\/a><\/p>\n","protected":false},"author":1,"featured_media":0,"parent":0,"menu_order":0,"comment_status":"closed","ping_status":"closed","template":"","meta":{"footnotes":""},"class_list":["post-16","page","type-page","status-publish","hentry"],"_links":{"self":[{"href":"https:\/\/www.hotelprokocky.net\/wrp\/index.php?rest_route=\/wp\/v2\/pages\/16","targetHints":{"allow":["GET"]}}],"collection":[{"href":"https:\/\/www.hotelprokocky.net\/wrp\/index.php?rest_route=\/wp\/v2\/pages"}],"about":[{"href":"https:\/\/www.hotelprokocky.net\/wrp\/index.php?rest_route=\/wp\/v2\/types\/page"}],"author":[{"embeddable":true,"href":"https:\/\/www.hotelprokocky.net\/wrp\/index.php?rest_route=\/wp\/v2\/users\/1"}],"replies":[{"embeddable":true,"href":"https:\/\/www.hotelprokocky.net\/wrp\/index.php?rest_route=%2Fwp%2Fv2%2Fcomments&post=16"}],"version-history":[{"count":184,"href":"https:\/\/www.hotelprokocky.net\/wrp\/index.php?rest_route=\/wp\/v2\/pages\/16\/revisions"}],"predecessor-version":[{"id":727,"href":"https:\/\/www.hotelprokocky.net\/wrp\/index.php?rest_route=\/wp\/v2\/pages\/16\/revisions\/727"}],"wp:attachment":[{"href":"https:\/\/www.hotelprokocky.net\/wrp\/index.php?rest_route=%2Fwp%2Fv2%2Fmedia&parent=16"}],"curies":[{"name":"wp","href":"https:\/\/api.w.org\/{rel}","templated":true}]}}