{"id":497,"date":"2016-02-13T20:02:02","date_gmt":"2016-02-13T19:02:02","guid":{"rendered":"http:\/\/www.hotelprokocky.net\/wrp\/?page_id=497"},"modified":"2021-05-06T09:22:53","modified_gmt":"2021-05-06T08:22:53","slug":"kontakty","status":"publish","type":"page","link":"https:\/\/www.hotelprokocky.net\/wrp\/?page_id=497","title":{"rendered":"KONTAKT"},"content":{"rendered":"<pre><strong><span style=\"color: #000000;\">HOTEL PRO KO\u010cKY PAULA KOZMICE<\/span>\n<\/strong>Ad\u00e9la Nov\u00e1kov\u00e1 I\u010c 70847291\nPROVOZOVNA:\nHlavn\u00ed 57\/16\n747 11 Kozmice (U Hlu\u010d\u00edna)\n<strong>GPS: 49.912744, 18.156873<\/strong>\n\n<strong>PROVOZN\u00cd DOBA:\n<\/strong><strong>od 7:00 do 20:00<\/strong> a to v\u017edy po telefonick\u00e9 domluv\u011b s majitelem na konkr\u00e9tn\u00edm \u010dase.\n\n<span style=\"color: #008000;\"><strong>REZERVACE UBYTOV\u00c1N\u00cd:<\/strong><\/span>\ntelefon: +420 603 324 404  e-mail: paula@hotelprokocky.net\n\n<span style=\"color: #008000;\"><strong>Veden\u00ed hotelu Paula a poradenstv\u00ed REICO Vital-Systeme<\/strong><\/span>\nAd\u00e9la Nov\u00e1kov\u00e1\n+420 603 324 404\nad_novakova@centrum.cz\n\n<strong>Podpora provozu:<\/strong>\nIng.Tom\u00e1\u0161 Nov\u00e1k\n+420 731 552 888\nnovak.tomas@centrum.cz\n\n<\/pre>\n","protected":false},"excerpt":{"rendered":"<p>HOTEL PRO KO\u010cKY PAULA KOZMICE Ad\u00e9la Nov\u00e1kov\u00e1 I\u010c 70847291 PROVOZOVNA: Hlavn\u00ed 57\/16 747 11 Kozmice (U Hlu\u010d\u00edna) GPS: 49.912744, 18.156873 PROVOZN\u00cd DOBA: od 7:00 do 20:00 a to v\u017edy po telefonick\u00e9 domluv\u011b s majitelem na konkr\u00e9tn\u00edm \u010dase. REZERVACE UBYTOV\u00c1N\u00cd: telefon: +420 603 324 404 e-mail: paula@hotelprokocky.net Veden\u00ed hotelu Paula a\u2026 <a class=\"continue-reading-link\" href=\"https:\/\/www.hotelprokocky.net\/wrp\/?page_id=497\">Continue reading<\/a><\/p>\n","protected":false},"author":1,"featured_media":0,"parent":0,"menu_order":0,"comment_status":"open","ping_status":"closed","template":"","meta":{"footnotes":""},"class_list":["post-497","page","type-page","status-publish","hentry"],"_links":{"self":[{"href":"https:\/\/www.hotelprokocky.net\/wrp\/index.php?rest_route=\/wp\/v2\/pages\/497","targetHints":{"allow":["GET"]}}],"collection":[{"href":"https:\/\/www.hotelprokocky.net\/wrp\/index.php?rest_route=\/wp\/v2\/pages"}],"about":[{"href":"https:\/\/www.hotelprokocky.net\/wrp\/index.php?rest_route=\/wp\/v2\/types\/page"}],"author":[{"embeddable":true,"href":"https:\/\/www.hotelprokocky.net\/wrp\/index.php?rest_route=\/wp\/v2\/users\/1"}],"replies":[{"embeddable":true,"href":"https:\/\/www.hotelprokocky.net\/wrp\/index.php?rest_route=%2Fwp%2Fv2%2Fcomments&post=497"}],"version-history":[{"count":14,"href":"https:\/\/www.hotelprokocky.net\/wrp\/index.php?rest_route=\/wp\/v2\/pages\/497\/revisions"}],"predecessor-version":[{"id":759,"href":"https:\/\/www.hotelprokocky.net\/wrp\/index.php?rest_route=\/wp\/v2\/pages\/497\/revisions\/759"}],"wp:attachment":[{"href":"https:\/\/www.hotelprokocky.net\/wrp\/index.php?rest_route=%2Fwp%2Fv2%2Fmedia&parent=497"}],"curies":[{"name":"wp","href":"https:\/\/api.w.org\/{rel}","templated":true}]}}